{"id":1190,"date":"2024-12-30T03:21:36","date_gmt":"2024-12-30T02:21:36","guid":{"rendered":"https:\/\/www.ukrainische-volksbotschaft.org\/?page_id=1190"},"modified":"2025-01-04T02:21:22","modified_gmt":"2025-01-04T01:21:22","slug":"partnerschaften","status":"publish","type":"page","link":"https:\/\/www.ukrainische-volksbotschaft.org\/index.php\/partnerschaften\/","title":{"rendered":"F\u00f6rderung &#038; Partnerschaften"},"content":{"rendered":"\t\t<div data-elementor-type=\"wp-page\" data-elementor-id=\"1190\" class=\"elementor elementor-1190\">\n\t\t\t\t<div class=\"elementor-element elementor-element-2b32b3f e-con-full e-flex e-con e-parent\" data-id=\"2b32b3f\" data-element_type=\"container\" data-e-type=\"container\" data-settings=\"{&quot;background_background&quot;:&quot;classic&quot;}\">\n\t\t\t\t<div class=\"elementor-element elementor-element-d26801e elementor-widget elementor-widget-heading\" data-id=\"d26801e\" data-element_type=\"widget\" data-e-type=\"widget\" data-widget_type=\"heading.default\">\n\t\t\t\t<div class=\"elementor-widget-container\">\n\t\t\t\t\t<h1 class=\"elementor-heading-title elementor-size-default\">F\u00f6rderung &amp; Partnerschaften<\/h1>\t\t\t\t<\/div>\n\t\t\t\t<\/div>\n\t\t\t\t<\/div>\n\t\t<div class=\"elementor-element elementor-element-34f03c6 e-flex e-con-boxed e-con e-parent\" data-id=\"34f03c6\" data-element_type=\"container\" data-e-type=\"container\" data-settings=\"{&quot;background_background&quot;:&quot;classic&quot;}\">\n\t\t\t\t\t<div class=\"e-con-inner\">\n\t\t\t\t<div class=\"elementor-element elementor-element-513e695 elementor-widget elementor-widget-heading\" data-id=\"513e695\" data-element_type=\"widget\" data-e-type=\"widget\" data-widget_type=\"heading.default\">\n\t\t\t\t<div class=\"elementor-widget-container\">\n\t\t\t\t\t<h2 class=\"elementor-heading-title elementor-size-default\">Unterst\u00fctzen Sie die \u201eUkrainische Volksbotschaft\u201c\n<\/h2>\t\t\t\t<\/div>\n\t\t\t\t<\/div>\n\t\t<div class=\"elementor-element elementor-element-b4281e5 e-con-full e-flex e-con e-child\" data-id=\"b4281e5\" data-element_type=\"container\" data-e-type=\"container\">\n\t\t\t\t<div class=\"elementor-element elementor-element-df6bdc6 elementor-widget elementor-widget-text-editor\" data-id=\"df6bdc6\" data-element_type=\"widget\" data-e-type=\"widget\" data-widget_type=\"text-editor.default\">\n\t\t\t\t<div class=\"elementor-widget-container\">\n\t\t\t\t\t\t\t\t\t<p>Unser Ziel ist es, die ukrainische Gemeinschaft im Ausland zu unterst\u00fctzen, ihre kulturelle Identit\u00e4t und Rechte zu bewahren sowie wichtige soziale und kulturelle Projekte umzusetzen. Ihre Unterst\u00fctzung hilft uns, unsere Aktivit\u00e4ten auszubauen und unsere Vision einer globalen Gemeinschaft zu verwirklichen.<\/p>\t\t\t\t\t\t\t\t<\/div>\n\t\t\t\t<\/div>\n\t\t\t\t<\/div>\n\t\t\t\t\t<\/div>\n\t\t\t\t<\/div>\n\t\t<div class=\"elementor-element elementor-element-eb12b8a e-flex e-con-boxed e-con e-parent\" data-id=\"eb12b8a\" data-element_type=\"container\" data-e-type=\"container\">\n\t\t\t\t\t<div class=\"e-con-inner\">\n\t\t<div class=\"elementor-element elementor-element-e0110da e-con-full e-flex e-con e-child\" data-id=\"e0110da\" data-element_type=\"container\" data-e-type=\"container\">\n\t\t\t\t<div class=\"elementor-element elementor-element-da0eaf8 elementor-widget elementor-widget-image\" data-id=\"da0eaf8\" data-element_type=\"widget\" data-e-type=\"widget\" data-widget_type=\"image.default\">\n\t\t\t\t<div class=\"elementor-widget-container\">\n\t\t\t\t\t\t\t\t\t\t\t\t\t\t\t<img fetchpriority=\"high\" decoding=\"async\" width=\"300\" height=\"300\" src=\"https:\/\/www.ukrainische-volksbotschaft.org\/wp-content\/uploads\/2025\/01\/Asset-22@4x-300x300.png\" class=\"attachment-medium size-medium wp-image-1843\" alt=\"\" srcset=\"https:\/\/www.ukrainische-volksbotschaft.org\/wp-content\/uploads\/2025\/01\/Asset-22@4x-300x300.png 300w, https:\/\/www.ukrainische-volksbotschaft.org\/wp-content\/uploads\/2025\/01\/Asset-22@4x-1024x1024.png 1024w, https:\/\/www.ukrainische-volksbotschaft.org\/wp-content\/uploads\/2025\/01\/Asset-22@4x-150x150.png 150w, https:\/\/www.ukrainische-volksbotschaft.org\/wp-content\/uploads\/2025\/01\/Asset-22@4x-768x768.png 768w, https:\/\/www.ukrainische-volksbotschaft.org\/wp-content\/uploads\/2025\/01\/Asset-22@4x-1536x1536.png 1536w, https:\/\/www.ukrainische-volksbotschaft.org\/wp-content\/uploads\/2025\/01\/Asset-22@4x.png 1550w\" sizes=\"(max-width: 300px) 100vw, 300px\" \/>\t\t\t\t\t\t\t\t\t\t\t\t\t\t\t<\/div>\n\t\t\t\t<\/div>\n\t\t\t\t<\/div>\n\t\t<div class=\"elementor-element elementor-element-80c7fb1 e-con-full e-flex e-con e-child\" data-id=\"80c7fb1\" data-element_type=\"container\" data-e-type=\"container\">\n\t\t\t\t<div class=\"elementor-element elementor-element-2de745f elementor-widget elementor-widget-heading\" data-id=\"2de745f\" data-element_type=\"widget\" data-e-type=\"widget\" data-widget_type=\"heading.default\">\n\t\t\t\t<div class=\"elementor-widget-container\">\n\t\t\t\t\t<h2 class=\"elementor-heading-title elementor-size-default\">Spenden <\/h2>\t\t\t\t<\/div>\n\t\t\t\t<\/div>\n\t\t\t\t<div class=\"elementor-element elementor-element-f8da9bc elementor-widget-divider--view-line elementor-widget elementor-widget-divider\" data-id=\"f8da9bc\" data-element_type=\"widget\" data-e-type=\"widget\" data-widget_type=\"divider.default\">\n\t\t\t\t<div class=\"elementor-widget-container\">\n\t\t\t\t\t\t\t<div class=\"elementor-divider\">\n\t\t\t<span class=\"elementor-divider-separator\">\n\t\t\t\t\t\t<\/span>\n\t\t<\/div>\n\t\t\t\t\t\t<\/div>\n\t\t\t\t<\/div>\n\t\t\t\t<\/div>\n\t\t<div class=\"elementor-element elementor-element-5b0ef07 e-con-full e-flex e-con e-child\" data-id=\"5b0ef07\" data-element_type=\"container\" data-e-type=\"container\">\n\t\t\t\t<div class=\"elementor-element elementor-element-c18c11f elementor-widget elementor-widget-text-editor\" data-id=\"c18c11f\" data-element_type=\"widget\" data-e-type=\"widget\" data-widget_type=\"text-editor.default\">\n\t\t\t\t<div class=\"elementor-widget-container\">\n\t\t\t\t\t\t\t\t\t<p>Mit Ihrer finanziellen Unterst\u00fctzung k\u00f6nnen wir:<\/p><ul><li>Kulturelle Veranstaltungen f\u00fcr die ukrainische Diaspora organisieren.<\/li><li>Juristische Beratungen und Unterst\u00fctzung anbieten.<\/li><li>Bildungs- und soziale Programme umsetzen.<\/li><\/ul><p>Da sich die \u201eUkrainische Volksbotschaft\u201c noch in der Aufbauphase befindet, k\u00f6nnen wir Spenden vorerst nur \u00fcber individuelle Anfragen annehmen. Bitte kontaktieren Sie uns \u00fcber das\u00a0<a href=\"\/index.php\/kontakte\/\" target=\"_blank\" rel=\"noopener\">Kontaktformular<\/a>.<\/p>\t\t\t\t\t\t\t\t<\/div>\n\t\t\t\t<\/div>\n\t\t\t\t<\/div>\n\t\t\t\t\t<\/div>\n\t\t\t\t<\/div>\n\t\t<div class=\"elementor-element elementor-element-8699742 e-flex e-con-boxed e-con e-parent\" data-id=\"8699742\" data-element_type=\"container\" data-e-type=\"container\">\n\t\t\t\t\t<div class=\"e-con-inner\">\n\t\t<div class=\"elementor-element elementor-element-2121ad9 e-con-full e-flex e-con e-child\" data-id=\"2121ad9\" data-element_type=\"container\" data-e-type=\"container\">\n\t\t\t\t<div class=\"elementor-element elementor-element-eab95e9 elementor-widget elementor-widget-image\" data-id=\"eab95e9\" data-element_type=\"widget\" data-e-type=\"widget\" data-widget_type=\"image.default\">\n\t\t\t\t<div class=\"elementor-widget-container\">\n\t\t\t\t\t\t\t\t\t\t\t\t\t\t\t<img decoding=\"async\" width=\"300\" height=\"300\" src=\"https:\/\/www.ukrainische-volksbotschaft.org\/wp-content\/uploads\/2025\/01\/Asset-21@4x-300x300.png\" class=\"attachment-medium size-medium wp-image-1844\" alt=\"\" srcset=\"https:\/\/www.ukrainische-volksbotschaft.org\/wp-content\/uploads\/2025\/01\/Asset-21@4x-300x300.png 300w, https:\/\/www.ukrainische-volksbotschaft.org\/wp-content\/uploads\/2025\/01\/Asset-21@4x-1024x1024.png 1024w, https:\/\/www.ukrainische-volksbotschaft.org\/wp-content\/uploads\/2025\/01\/Asset-21@4x-150x150.png 150w, https:\/\/www.ukrainische-volksbotschaft.org\/wp-content\/uploads\/2025\/01\/Asset-21@4x-768x767.png 768w, https:\/\/www.ukrainische-volksbotschaft.org\/wp-content\/uploads\/2025\/01\/Asset-21@4x.png 1344w\" sizes=\"(max-width: 300px) 100vw, 300px\" \/>\t\t\t\t\t\t\t\t\t\t\t\t\t\t\t<\/div>\n\t\t\t\t<\/div>\n\t\t\t\t<\/div>\n\t\t<div class=\"elementor-element elementor-element-0cbad27 e-con-full e-flex e-con e-child\" data-id=\"0cbad27\" data-element_type=\"container\" data-e-type=\"container\">\n\t\t\t\t<div class=\"elementor-element elementor-element-7ae0729 elementor-widget elementor-widget-heading\" data-id=\"7ae0729\" data-element_type=\"widget\" data-e-type=\"widget\" data-widget_type=\"heading.default\">\n\t\t\t\t<div class=\"elementor-widget-container\">\n\t\t\t\t\t<h2 class=\"elementor-heading-title elementor-size-default\">Freiwilligenarbeit <\/h2>\t\t\t\t<\/div>\n\t\t\t\t<\/div>\n\t\t\t\t<div class=\"elementor-element elementor-element-112176c elementor-widget-divider--view-line elementor-widget elementor-widget-divider\" data-id=\"112176c\" data-element_type=\"widget\" data-e-type=\"widget\" data-widget_type=\"divider.default\">\n\t\t\t\t<div class=\"elementor-widget-container\">\n\t\t\t\t\t\t\t<div class=\"elementor-divider\">\n\t\t\t<span class=\"elementor-divider-separator\">\n\t\t\t\t\t\t<\/span>\n\t\t<\/div>\n\t\t\t\t\t\t<\/div>\n\t\t\t\t<\/div>\n\t\t\t\t<\/div>\n\t\t<div class=\"elementor-element elementor-element-aaa8258 e-con-full e-flex e-con e-child\" data-id=\"aaa8258\" data-element_type=\"container\" data-e-type=\"container\">\n\t\t\t\t<div class=\"elementor-element elementor-element-65001bb elementor-widget elementor-widget-text-editor\" data-id=\"65001bb\" data-element_type=\"widget\" data-e-type=\"widget\" data-widget_type=\"text-editor.default\">\n\t\t\t\t<div class=\"elementor-widget-container\">\n\t\t\t\t\t\t\t\t\t<p>Wir freuen uns \u00fcber die Unterst\u00fctzung von Freiwilligen, die sich in unsere Projekte einbringen m\u00f6chten.<br>M\u00f6gliche Aufgabenbereiche:<\/p>\n<ul>\n<li>Organisation von Veranstaltungen und Projekten.<\/li>\n<li>Koordination von Informationskampagnen f\u00fcr die ukrainische Gemeinschaft.<\/li>\n<\/ul>\n<p>Aktuell k\u00f6nnen wir Anfragen nur \u00fcber das&nbsp;<a href=\"\/index.php\/kontakte\/\" target=\"_blank\">Kontaktformular&nbsp;<\/a>entgegennehmen. Wir freuen uns darauf, mit Ihnen erste Initiativen zu starten.<\/p>\t\t\t\t\t\t\t\t<\/div>\n\t\t\t\t<\/div>\n\t\t\t\t<\/div>\n\t\t\t\t\t<\/div>\n\t\t\t\t<\/div>\n\t\t<div class=\"elementor-element elementor-element-222acd8 e-flex e-con-boxed e-con e-parent\" data-id=\"222acd8\" data-element_type=\"container\" data-e-type=\"container\">\n\t\t\t\t\t<div class=\"e-con-inner\">\n\t\t<div class=\"elementor-element elementor-element-81206f7 e-con-full e-flex e-con e-child\" data-id=\"81206f7\" data-element_type=\"container\" data-e-type=\"container\">\n\t\t\t\t<div class=\"elementor-element elementor-element-16dd3d6 elementor-widget elementor-widget-image\" data-id=\"16dd3d6\" data-element_type=\"widget\" data-e-type=\"widget\" data-widget_type=\"image.default\">\n\t\t\t\t<div class=\"elementor-widget-container\">\n\t\t\t\t\t\t\t\t\t\t\t\t\t\t\t<img decoding=\"async\" width=\"300\" height=\"300\" src=\"https:\/\/www.ukrainische-volksbotschaft.org\/wp-content\/uploads\/2025\/01\/Asset-20@4x-300x300.png\" class=\"attachment-medium size-medium wp-image-1845\" alt=\"\" srcset=\"https:\/\/www.ukrainische-volksbotschaft.org\/wp-content\/uploads\/2025\/01\/Asset-20@4x-300x300.png 300w, https:\/\/www.ukrainische-volksbotschaft.org\/wp-content\/uploads\/2025\/01\/Asset-20@4x-1022x1024.png 1022w, https:\/\/www.ukrainische-volksbotschaft.org\/wp-content\/uploads\/2025\/01\/Asset-20@4x-150x150.png 150w, https:\/\/www.ukrainische-volksbotschaft.org\/wp-content\/uploads\/2025\/01\/Asset-20@4x-768x770.png 768w, https:\/\/www.ukrainische-volksbotschaft.org\/wp-content\/uploads\/2025\/01\/Asset-20@4x.png 1407w\" sizes=\"(max-width: 300px) 100vw, 300px\" \/>\t\t\t\t\t\t\t\t\t\t\t\t\t\t\t<\/div>\n\t\t\t\t<\/div>\n\t\t\t\t<\/div>\n\t\t<div class=\"elementor-element elementor-element-d39c448 e-con-full e-flex e-con e-child\" data-id=\"d39c448\" data-element_type=\"container\" data-e-type=\"container\">\n\t\t\t\t<div class=\"elementor-element elementor-element-79561d7 elementor-widget elementor-widget-heading\" data-id=\"79561d7\" data-element_type=\"widget\" data-e-type=\"widget\" data-widget_type=\"heading.default\">\n\t\t\t\t<div class=\"elementor-widget-container\">\n\t\t\t\t\t<h2 class=\"elementor-heading-title elementor-size-default\">Partnerschaften <\/h2>\t\t\t\t<\/div>\n\t\t\t\t<\/div>\n\t\t\t\t<div class=\"elementor-element elementor-element-f8d0f6a elementor-widget-divider--view-line elementor-widget elementor-widget-divider\" data-id=\"f8d0f6a\" data-element_type=\"widget\" data-e-type=\"widget\" data-widget_type=\"divider.default\">\n\t\t\t\t<div class=\"elementor-widget-container\">\n\t\t\t\t\t\t\t<div class=\"elementor-divider\">\n\t\t\t<span class=\"elementor-divider-separator\">\n\t\t\t\t\t\t<\/span>\n\t\t<\/div>\n\t\t\t\t\t\t<\/div>\n\t\t\t\t<\/div>\n\t\t\t\t<\/div>\n\t\t<div class=\"elementor-element elementor-element-4463c18 e-con-full e-flex e-con e-child\" data-id=\"4463c18\" data-element_type=\"container\" data-e-type=\"container\">\n\t\t\t\t<div class=\"elementor-element elementor-element-bf57180 elementor-widget elementor-widget-text-editor\" data-id=\"bf57180\" data-element_type=\"widget\" data-e-type=\"widget\" data-widget_type=\"text-editor.default\">\n\t\t\t\t<div class=\"elementor-widget-container\">\n\t\t\t\t\t\t\t\t\t<p>Die \u201eUkrainische Volksbotschaft\u201c sucht nach Partnerschaften mit Unternehmen, gemeinn\u00fctzigen Organisationen und anderen Institutionen, um gemeinsame Ziele zu erreichen.<\/p><h3><strong>Warum eine Partnerschaft eingehen?<\/strong><\/h3><ul><li>F\u00f6rderung sozialer und kultureller Initiativen.<\/li><li>Unterst\u00fctzung gemeinsamer Projekte f\u00fcr die ukrainische Gemeinschaft.<\/li><li>Aufbau einer Plattform f\u00fcr kulturellen und wirtschaftlichen Austausch.<\/li><\/ul><p>Partnerschaftsanfragen sind aktuell ausschlie\u00dflich \u00fcber das\u00a0<a href=\"\/index.php\/kontakte\/\" target=\"_blank\" rel=\"noopener\">Kontaktformular<\/a>\u00a0m\u00f6glich.<\/p>\t\t\t\t\t\t\t\t<\/div>\n\t\t\t\t<\/div>\n\t\t\t\t<\/div>\n\t\t\t\t\t<\/div>\n\t\t\t\t<\/div>\n\t\t<div class=\"elementor-element elementor-element-b15c517 e-flex e-con-boxed e-con e-parent\" data-id=\"b15c517\" data-element_type=\"container\" data-e-type=\"container\" data-settings=\"{&quot;background_background&quot;:&quot;classic&quot;}\">\n\t\t\t\t\t<div class=\"e-con-inner\">\n\t\t\t\t<div class=\"elementor-element elementor-element-ed48fdd elementor-widget elementor-widget-heading\" data-id=\"ed48fdd\" data-element_type=\"widget\" data-e-type=\"widget\" data-widget_type=\"heading.default\">\n\t\t\t\t<div class=\"elementor-widget-container\">\n\t\t\t\t\t<h2 class=\"elementor-heading-title elementor-size-default\">Kontaktinformationen<\/h2>\t\t\t\t<\/div>\n\t\t\t\t<\/div>\n\t\t<div class=\"elementor-element elementor-element-01bc5ab e-con-full e-flex e-con e-child\" data-id=\"01bc5ab\" data-element_type=\"container\" data-e-type=\"container\">\n\t\t\t\t<div class=\"elementor-element elementor-element-ab3a7a8 elementor-widget elementor-widget-text-editor\" data-id=\"ab3a7a8\" data-element_type=\"widget\" data-e-type=\"widget\" data-widget_type=\"text-editor.default\">\n\t\t\t\t<div class=\"elementor-widget-container\">\n\t\t\t\t\t\t\t\t\t<p>F\u00fcr Anfragen zu Spenden, Freiwilligenarbeit oder Partnerschaften nutzen Sie bitte unser\u00a0<a href=\"\/index.php\/kontakte\/\" target=\"_blank\" rel=\"noopener\">Kontaktformular<\/a>. Wir arbeiten daran, bald weitere Kommunikationskan\u00e4le f\u00fcr Sie bereitzustellen.<\/p>\t\t\t\t\t\t\t\t<\/div>\n\t\t\t\t<\/div>\n\t\t\t\t<\/div>\n\t\t\t\t\t<\/div>\n\t\t\t\t<\/div>\n\t\t\t\t<\/div>\n\t\t","protected":false},"excerpt":{"rendered":"<p>F\u00f6rderung &amp; Partnerschaften Unterst\u00fctzen Sie die \u201eUkrainische Volksbotschaft\u201c Unser Ziel ist es, die ukrainische Gemeinschaft im Ausland zu unterst\u00fctzen, ihre kulturelle Identit\u00e4t und Rechte zu bewahren sowie wichtige soziale und kulturelle Projekte umzusetzen. Ihre Unterst\u00fctzung hilft uns, unsere Aktivit\u00e4ten auszubauen und unsere Vision einer globalen Gemeinschaft zu verwirklichen. Spenden Mit Ihrer finanziellen Unterst\u00fctzung k\u00f6nnen wir: [&hellip;]<\/p>\n","protected":false},"author":2,"featured_media":0,"parent":0,"menu_order":0,"comment_status":"closed","ping_status":"closed","template":"","meta":{"site-sidebar-layout":"no-sidebar","site-content-layout":"page-builder","ast-site-content-layout":"full-width-container","site-content-style":"default","site-sidebar-style":"default","ast-global-header-display":"","ast-banner-title-visibility":"","ast-main-header-display":"","ast-hfb-above-header-display":"","ast-hfb-below-header-display":"","ast-hfb-mobile-header-display":"","site-post-title":"disabled","ast-breadcrumbs-content":"","ast-featured-img":"disabled","footer-sml-layout":"","ast-disable-related-posts":"","theme-transparent-header-meta":"","adv-header-id-meta":"","stick-header-meta":"","header-above-stick-meta":"","header-main-stick-meta":"","header-below-stick-meta":"","astra-migrate-meta-layouts":"set","ast-page-background-enabled":"default","ast-page-background-meta":{"desktop":{"background-color":"","background-image":"","background-repeat":"repeat","background-position":"center center","background-size":"auto","background-attachment":"scroll","background-type":"","background-media":"","overlay-type":"","overlay-color":"","overlay-opacity":"","overlay-gradient":""},"tablet":{"background-color":"","background-image":"","background-repeat":"repeat","background-position":"center center","background-size":"auto","background-attachment":"scroll","background-type":"","background-media":"","overlay-type":"","overlay-color":"","overlay-opacity":"","overlay-gradient":""},"mobile":{"background-color":"","background-image":"","background-repeat":"repeat","background-position":"center center","background-size":"auto","background-attachment":"scroll","background-type":"","background-media":"","overlay-type":"","overlay-color":"","overlay-opacity":"","overlay-gradient":""}},"ast-content-background-meta":{"desktop":{"background-color":"var(--ast-global-color-5)","background-image":"","background-repeat":"repeat","background-position":"center center","background-size":"auto","background-attachment":"scroll","background-type":"","background-media":"","overlay-type":"","overlay-color":"","overlay-opacity":"","overlay-gradient":""},"tablet":{"background-color":"var(--ast-global-color-5)","background-image":"","background-repeat":"repeat","background-position":"center center","background-size":"auto","background-attachment":"scroll","background-type":"","background-media":"","overlay-type":"","overlay-color":"","overlay-opacity":"","overlay-gradient":""},"mobile":{"background-color":"var(--ast-global-color-5)","background-image":"","background-repeat":"repeat","background-position":"center center","background-size":"auto","background-attachment":"scroll","background-type":"","background-media":"","overlay-type":"","overlay-color":"","overlay-opacity":"","overlay-gradient":""}},"footnotes":""},"class_list":["post-1190","page","type-page","status-publish","hentry"],"rttpg_featured_image_url":null,"rttpg_author":{"display_name":"\u0412\u0438\u0442\u0430\u043b\u0438\u0439","author_link":"https:\/\/www.ukrainische-volksbotschaft.org\/index.php\/author\/vitaliy\/"},"rttpg_comment":0,"rttpg_category":" <a href=\"https:\/\/www.ukrainische-volksbotschaft.org\/\" rel=\"tag\">Deutsch<\/a>","rttpg_excerpt":"F\u00f6rderung &amp; Partnerschaften Unterst\u00fctzen Sie die \u201eUkrainische Volksbotschaft\u201c Unser Ziel ist es, die ukrainische Gemeinschaft im Ausland zu unterst\u00fctzen, ihre kulturelle Identit\u00e4t und Rechte zu bewahren sowie wichtige soziale und kulturelle Projekte umzusetzen. Ihre Unterst\u00fctzung hilft uns, unsere Aktivit\u00e4ten auszubauen und unsere Vision einer globalen Gemeinschaft zu verwirklichen. Spenden Mit Ihrer finanziellen Unterst\u00fctzung k\u00f6nnen wir:&hellip;","_links":{"self":[{"href":"https:\/\/www.ukrainische-volksbotschaft.org\/index.php\/wp-json\/wp\/v2\/pages\/1190","targetHints":{"allow":["GET"]}}],"collection":[{"href":"https:\/\/www.ukrainische-volksbotschaft.org\/index.php\/wp-json\/wp\/v2\/pages"}],"about":[{"href":"https:\/\/www.ukrainische-volksbotschaft.org\/index.php\/wp-json\/wp\/v2\/types\/page"}],"author":[{"embeddable":true,"href":"https:\/\/www.ukrainische-volksbotschaft.org\/index.php\/wp-json\/wp\/v2\/users\/2"}],"replies":[{"embeddable":true,"href":"https:\/\/www.ukrainische-volksbotschaft.org\/index.php\/wp-json\/wp\/v2\/comments?post=1190"}],"version-history":[{"count":35,"href":"https:\/\/www.ukrainische-volksbotschaft.org\/index.php\/wp-json\/wp\/v2\/pages\/1190\/revisions"}],"predecessor-version":[{"id":1889,"href":"https:\/\/www.ukrainische-volksbotschaft.org\/index.php\/wp-json\/wp\/v2\/pages\/1190\/revisions\/1889"}],"wp:attachment":[{"href":"https:\/\/www.ukrainische-volksbotschaft.org\/index.php\/wp-json\/wp\/v2\/media?parent=1190"}],"curies":[{"name":"wp","href":"https:\/\/api.w.org\/{rel}","templated":true}]}}