{"id":1314,"date":"2025-01-01T23:56:47","date_gmt":"2025-01-01T22:56:47","guid":{"rendered":"https:\/\/www.ukrainische-volksbotschaft.org\/?page_id=1314"},"modified":"2025-01-04T00:51:40","modified_gmt":"2025-01-03T23:51:40","slug":"repraesentanzen","status":"publish","type":"page","link":"https:\/\/www.ukrainische-volksbotschaft.org\/index.php\/repraesentanzen\/","title":{"rendered":"Repr\u00e4sentanzen"},"content":{"rendered":"\t\t<div data-elementor-type=\"wp-page\" data-elementor-id=\"1314\" class=\"elementor elementor-1314\">\n\t\t\t\t<div class=\"elementor-element elementor-element-60e2f48 e-con-full e-flex e-con e-parent\" data-id=\"60e2f48\" data-element_type=\"container\" data-e-type=\"container\" data-settings=\"{&quot;background_background&quot;:&quot;classic&quot;}\">\n\t\t\t\t<div class=\"elementor-element elementor-element-13f2ae6 elementor-widget elementor-widget-heading\" data-id=\"13f2ae6\" data-element_type=\"widget\" data-e-type=\"widget\" data-widget_type=\"heading.default\">\n\t\t\t\t<div class=\"elementor-widget-container\">\n\t\t\t\t\t<h1 class=\"elementor-heading-title elementor-size-default\">Repr\u00e4sentanzen<\/h1>\t\t\t\t<\/div>\n\t\t\t\t<\/div>\n\t\t\t\t<\/div>\n\t\t<div class=\"elementor-element elementor-element-e6f5bbc e-flex e-con-boxed e-con e-parent\" data-id=\"e6f5bbc\" data-element_type=\"container\" data-e-type=\"container\" data-settings=\"{&quot;background_background&quot;:&quot;classic&quot;}\">\n\t\t\t\t\t<div class=\"e-con-inner\">\n\t\t\t\t<div class=\"elementor-element elementor-element-50988af elementor-widget elementor-widget-text-editor\" data-id=\"50988af\" data-element_type=\"widget\" data-e-type=\"widget\" data-widget_type=\"text-editor.default\">\n\t\t\t\t<div class=\"elementor-widget-container\">\n\t\t\t\t\t\t\t\t\t<p>Die \u201eUkrainische Volksbotschaft\u201c strebt an, eine globale Plattform zur Unterst\u00fctzung von Ukrainerinnen und Ukrainern weltweit zu schaffen. Derzeit befindet sich unsere Organisation noch in der Aufbauphase, und unser Hauptsitz befindet sich in Wien.<\/p><p>Zuk\u00fcnftig planen wir die Er\u00f6ffnung von Repr\u00e4sentanzen in L\u00e4ndern mit einer gro\u00dfen ukrainischen Gemeinschaft. Diese sollen:<\/p><ul><li><strong>Lokale Unterst\u00fctzung bieten<\/strong> \u2013 angepasst an die Bed\u00fcrfnisse der jeweiligen Region.<\/li><li><strong>Die Interessen der ukrainischen Diaspora vertreten<\/strong> \u2013 auf kultureller, sozialer und politischer Ebene.<\/li><li><strong>Die Zusammenarbeit mit lokalen Beh\u00f6rden und Organisationen f\u00f6rdern<\/strong>, um die Integration und Vernetzung unserer Gemeinschaft zu erleichtern.<\/li><\/ul><p>Bleiben Sie auf dem Laufenden \u00fcber unsere zuk\u00fcnftigen Initiativen und Projekte, die darauf abzielen, eine globale Gemeinschaft der Ukrainerinnen und Ukrainer zu st\u00e4rken.<\/p><p><strong>Hinweis:<\/strong> Weitere Informationen zu geplanten Repr\u00e4sentanzen werden hier ver\u00f6ffentlicht, sobald sie verf\u00fcgbar sind.<\/p>\t\t\t\t\t\t\t\t<\/div>\n\t\t\t\t<\/div>\n\t\t\t\t\t<\/div>\n\t\t\t\t<\/div>\n\t\t\t\t<\/div>\n\t\t","protected":false},"excerpt":{"rendered":"<p>Repr\u00e4sentanzen Die \u201eUkrainische Volksbotschaft\u201c strebt an, eine globale Plattform zur Unterst\u00fctzung von Ukrainerinnen und Ukrainern weltweit zu schaffen. Derzeit befindet sich unsere Organisation noch in der Aufbauphase, und unser Hauptsitz befindet sich in Wien. Zuk\u00fcnftig planen wir die Er\u00f6ffnung von Repr\u00e4sentanzen in L\u00e4ndern mit einer gro\u00dfen ukrainischen Gemeinschaft. Diese sollen: Lokale Unterst\u00fctzung bieten \u2013 angepasst [&hellip;]<\/p>\n","protected":false},"author":2,"featured_media":0,"parent":0,"menu_order":0,"comment_status":"closed","ping_status":"closed","template":"elementor_header_footer","meta":{"site-sidebar-layout":"no-sidebar","site-content-layout":"page-builder","ast-site-content-layout":"full-width-container","site-content-style":"default","site-sidebar-style":"default","ast-global-header-display":"","ast-banner-title-visibility":"","ast-main-header-display":"","ast-hfb-above-header-display":"","ast-hfb-below-header-display":"","ast-hfb-mobile-header-display":"","site-post-title":"disabled","ast-breadcrumbs-content":"","ast-featured-img":"disabled","footer-sml-layout":"","ast-disable-related-posts":"","theme-transparent-header-meta":"","adv-header-id-meta":"","stick-header-meta":"","header-above-stick-meta":"","header-main-stick-meta":"","header-below-stick-meta":"","astra-migrate-meta-layouts":"set","ast-page-background-enabled":"default","ast-page-background-meta":{"desktop":{"background-color":"","background-image":"","background-repeat":"repeat","background-position":"center center","background-size":"auto","background-attachment":"scroll","background-type":"","background-media":"","overlay-type":"","overlay-color":"","overlay-opacity":"","overlay-gradient":""},"tablet":{"background-color":"","background-image":"","background-repeat":"repeat","background-position":"center center","background-size":"auto","background-attachment":"scroll","background-type":"","background-media":"","overlay-type":"","overlay-color":"","overlay-opacity":"","overlay-gradient":""},"mobile":{"background-color":"","background-image":"","background-repeat":"repeat","background-position":"center center","background-size":"auto","background-attachment":"scroll","background-type":"","background-media":"","overlay-type":"","overlay-color":"","overlay-opacity":"","overlay-gradient":""}},"ast-content-background-meta":{"desktop":{"background-color":"var(--ast-global-color-5)","background-image":"","background-repeat":"repeat","background-position":"center center","background-size":"auto","background-attachment":"scroll","background-type":"","background-media":"","overlay-type":"","overlay-color":"","overlay-opacity":"","overlay-gradient":""},"tablet":{"background-color":"var(--ast-global-color-5)","background-image":"","background-repeat":"repeat","background-position":"center center","background-size":"auto","background-attachment":"scroll","background-type":"","background-media":"","overlay-type":"","overlay-color":"","overlay-opacity":"","overlay-gradient":""},"mobile":{"background-color":"var(--ast-global-color-5)","background-image":"","background-repeat":"repeat","background-position":"center center","background-size":"auto","background-attachment":"scroll","background-type":"","background-media":"","overlay-type":"","overlay-color":"","overlay-opacity":"","overlay-gradient":""}},"footnotes":""},"class_list":["post-1314","page","type-page","status-publish","hentry"],"rttpg_featured_image_url":null,"rttpg_author":{"display_name":"\u0412\u0438\u0442\u0430\u043b\u0438\u0439","author_link":"https:\/\/www.ukrainische-volksbotschaft.org\/index.php\/author\/vitaliy\/"},"rttpg_comment":0,"rttpg_category":" <a href=\"https:\/\/www.ukrainische-volksbotschaft.org\/\" rel=\"tag\">Deutsch<\/a>","rttpg_excerpt":"Repr\u00e4sentanzen Die \u201eUkrainische Volksbotschaft\u201c strebt an, eine globale Plattform zur Unterst\u00fctzung von Ukrainerinnen und Ukrainern weltweit zu schaffen. Derzeit befindet sich unsere Organisation noch in der Aufbauphase, und unser Hauptsitz befindet sich in Wien. Zuk\u00fcnftig planen wir die Er\u00f6ffnung von Repr\u00e4sentanzen in L\u00e4ndern mit einer gro\u00dfen ukrainischen Gemeinschaft. Diese sollen: Lokale Unterst\u00fctzung bieten \u2013 angepasst&hellip;","_links":{"self":[{"href":"https:\/\/www.ukrainische-volksbotschaft.org\/index.php\/wp-json\/wp\/v2\/pages\/1314","targetHints":{"allow":["GET"]}}],"collection":[{"href":"https:\/\/www.ukrainische-volksbotschaft.org\/index.php\/wp-json\/wp\/v2\/pages"}],"about":[{"href":"https:\/\/www.ukrainische-volksbotschaft.org\/index.php\/wp-json\/wp\/v2\/types\/page"}],"author":[{"embeddable":true,"href":"https:\/\/www.ukrainische-volksbotschaft.org\/index.php\/wp-json\/wp\/v2\/users\/2"}],"replies":[{"embeddable":true,"href":"https:\/\/www.ukrainische-volksbotschaft.org\/index.php\/wp-json\/wp\/v2\/comments?post=1314"}],"version-history":[{"count":19,"href":"https:\/\/www.ukrainische-volksbotschaft.org\/index.php\/wp-json\/wp\/v2\/pages\/1314\/revisions"}],"predecessor-version":[{"id":1854,"href":"https:\/\/www.ukrainische-volksbotschaft.org\/index.php\/wp-json\/wp\/v2\/pages\/1314\/revisions\/1854"}],"wp:attachment":[{"href":"https:\/\/www.ukrainische-volksbotschaft.org\/index.php\/wp-json\/wp\/v2\/media?parent=1314"}],"curies":[{"name":"wp","href":"https:\/\/api.w.org\/{rel}","templated":true}]}}