{"id":1347,"date":"2025-01-02T02:21:34","date_gmt":"2025-01-02T01:21:34","guid":{"rendered":"https:\/\/www.ukrainische-volksbotschaft.org\/?page_id=1347"},"modified":"2025-11-27T16:15:51","modified_gmt":"2025-11-27T15:15:51","slug":"impressum","status":"publish","type":"page","link":"https:\/\/www.ukrainische-volksbotschaft.org\/index.php\/impressum\/","title":{"rendered":"Impressum"},"content":{"rendered":"\t\t<div data-elementor-type=\"wp-page\" data-elementor-id=\"1347\" class=\"elementor elementor-1347\">\n\t\t\t\t<div class=\"elementor-element elementor-element-c00ce7f e-flex e-con-boxed e-con e-parent\" data-id=\"c00ce7f\" data-element_type=\"container\" data-e-type=\"container\">\n\t\t\t\t\t<div class=\"e-con-inner\">\n\t\t\t\t<div class=\"elementor-element elementor-element-da8dc96 elementor-widget elementor-widget-heading\" data-id=\"da8dc96\" data-element_type=\"widget\" data-e-type=\"widget\" data-widget_type=\"heading.default\">\n\t\t\t\t<div class=\"elementor-widget-container\">\n\t\t\t\t\t<h2 class=\"elementor-heading-title elementor-size-default\">Impressum<\/h2>\t\t\t\t<\/div>\n\t\t\t\t<\/div>\n\t\t\t\t\t<\/div>\n\t\t\t\t<\/div>\n\t\t<div class=\"elementor-element elementor-element-dd1edf3 e-flex e-con-boxed e-con e-parent\" data-id=\"dd1edf3\" data-element_type=\"container\" data-e-type=\"container\">\n\t\t\t\t\t<div class=\"e-con-inner\">\n\t\t\t\t<div class=\"elementor-element elementor-element-8d5bfba elementor-widget elementor-widget-text-editor\" data-id=\"8d5bfba\" data-element_type=\"widget\" data-e-type=\"widget\" data-widget_type=\"text-editor.default\">\n\t\t\t\t<div class=\"elementor-widget-container\">\n\t\t\t\t\t\t\t\t\t<p><strong>Verantwortlich f\u00fcr den Inhalt<\/strong><br \/>Ukrainische Volksbotschaft:<br \/>Stepan Boichuk<br \/>1100 Wien, Antonsplaty 9\/1<br \/>\u00d6sterreich<\/p><p><strong>Kontakt<\/strong><br \/>Telefon: +43 676 615 25 47<br \/>E-Mail: office@ukrainische-volksbotschaft.org<br \/>Web: ukrainische-volksbotschaft.org<\/p><p><strong>Rechtsform und Registrierung<\/strong><br \/>Rechtsform: Gemeinn\u00fctziger Verein<br \/>ZVR-Nummer: 1601366422<br \/>Gerichtsstand: Wien<\/p><p><strong>Vertretungsberechtigte Personen<\/strong><\/p><ul><li>Stepan Boichuk<\/li><li>Andreas Pohlodek<\/li><\/ul><p><strong>Grundlegende Richtung der Website (Blattlinie)<\/strong><br \/>Diese Website dient der Information \u00fcber die Aktivit\u00e4ten und Projekte der Ukrainischen Volksbotschaft sowie der Unterst\u00fctzung der ukrainischen Diaspora in \u00d6sterreich und weltweit.<\/p><p><strong>Haftungsausschluss<\/strong><br \/>Die Inhalte dieser Website wurden mit gr\u00f6\u00dftm\u00f6glicher Sorgfalt erstellt. F\u00fcr die Richtigkeit, Vollst\u00e4ndigkeit und Aktualit\u00e4t der Inhalte \u00fcbernehmen wir jedoch keine Gew\u00e4hr. Wir behalten uns das Recht vor, Inhalte ohne vorherige Ank\u00fcndigung zu \u00e4ndern.<\/p><p>F\u00fcr Inhalte externer Links \u00fcbernehmen wir keine Haftung. F\u00fcr den Inhalt der verlinkten Seiten sind ausschlie\u00dflich deren Betreiber verantwortlich.<\/p><p><strong>Urheberrecht<\/strong><br \/>Die auf dieser Website ver\u00f6ffentlichten Inhalte und Werke unterliegen dem Urheberrecht. Jede Vervielf\u00e4ltigung, Bearbeitung, Verbreitung oder andere Art der Nutzung au\u00dferhalb der Grenzen des Urheberrechts bedarf der vorherigen schriftlichen Zustimmung der Ukrainischen Volksbotschaft.<\/p><p><strong>Datenschutz<\/strong><br \/>Informationen zum Datenschutz finden Sie auf unserer\u00a0<a href=\"\/index.php\/datenschutzerklaerung\/\" target=\"_blank\" rel=\"noopener\">Datenschutz-Seite<\/a>.<\/p>\t\t\t\t\t\t\t\t<\/div>\n\t\t\t\t<\/div>\n\t\t\t\t\t<\/div>\n\t\t\t\t<\/div>\n\t\t\t\t<\/div>\n\t\t","protected":false},"excerpt":{"rendered":"<p>Impressum Verantwortlich f\u00fcr den InhaltUkrainische Volksbotschaft:Stepan Boichuk1100 Wien, Antonsplaty 9\/1\u00d6sterreich KontaktTelefon: +43 676 615 25 47E-Mail: office@ukrainische-volksbotschaft.orgWeb: ukrainische-volksbotschaft.org Rechtsform und RegistrierungRechtsform: Gemeinn\u00fctziger VereinZVR-Nummer: 1601366422Gerichtsstand: Wien Vertretungsberechtigte Personen Stepan Boichuk Andreas Pohlodek Grundlegende Richtung der Website (Blattlinie)Diese Website dient der Information \u00fcber die Aktivit\u00e4ten und Projekte der Ukrainischen Volksbotschaft sowie der Unterst\u00fctzung der ukrainischen Diaspora in [&hellip;]<\/p>\n","protected":false},"author":2,"featured_media":0,"parent":0,"menu_order":0,"comment_status":"closed","ping_status":"closed","template":"elementor_header_footer","meta":{"site-sidebar-layout":"no-sidebar","site-content-layout":"page-builder","ast-site-content-layout":"default","site-content-style":"default","site-sidebar-style":"default","ast-global-header-display":"","ast-banner-title-visibility":"","ast-main-header-display":"","ast-hfb-above-header-display":"","ast-hfb-below-header-display":"","ast-hfb-mobile-header-display":"","site-post-title":"disabled","ast-breadcrumbs-content":"","ast-featured-img":"disabled","footer-sml-layout":"","ast-disable-related-posts":"","theme-transparent-header-meta":"","adv-header-id-meta":"","stick-header-meta":"","header-above-stick-meta":"","header-main-stick-meta":"","header-below-stick-meta":"","astra-migrate-meta-layouts":"set","ast-page-background-enabled":"default","ast-page-background-meta":{"desktop":{"background-color":"","background-image":"","background-repeat":"repeat","background-position":"center center","background-size":"auto","background-attachment":"scroll","background-type":"","background-media":"","overlay-type":"","overlay-color":"","overlay-opacity":"","overlay-gradient":""},"tablet":{"background-color":"","background-image":"","background-repeat":"repeat","background-position":"center center","background-size":"auto","background-attachment":"scroll","background-type":"","background-media":"","overlay-type":"","overlay-color":"","overlay-opacity":"","overlay-gradient":""},"mobile":{"background-color":"","background-image":"","background-repeat":"repeat","background-position":"center center","background-size":"auto","background-attachment":"scroll","background-type":"","background-media":"","overlay-type":"","overlay-color":"","overlay-opacity":"","overlay-gradient":""}},"ast-content-background-meta":{"desktop":{"background-color":"var(--ast-global-color-5)","background-image":"","background-repeat":"repeat","background-position":"center center","background-size":"auto","background-attachment":"scroll","background-type":"","background-media":"","overlay-type":"","overlay-color":"","overlay-opacity":"","overlay-gradient":""},"tablet":{"background-color":"var(--ast-global-color-5)","background-image":"","background-repeat":"repeat","background-position":"center center","background-size":"auto","background-attachment":"scroll","background-type":"","background-media":"","overlay-type":"","overlay-color":"","overlay-opacity":"","overlay-gradient":""},"mobile":{"background-color":"var(--ast-global-color-5)","background-image":"","background-repeat":"repeat","background-position":"center center","background-size":"auto","background-attachment":"scroll","background-type":"","background-media":"","overlay-type":"","overlay-color":"","overlay-opacity":"","overlay-gradient":""}},"footnotes":""},"class_list":["post-1347","page","type-page","status-publish","hentry"],"rttpg_featured_image_url":null,"rttpg_author":{"display_name":"\u0412\u0438\u0442\u0430\u043b\u0438\u0439","author_link":"https:\/\/www.ukrainische-volksbotschaft.org\/index.php\/author\/vitaliy\/"},"rttpg_comment":0,"rttpg_category":" <a href=\"https:\/\/www.ukrainische-volksbotschaft.org\/\" rel=\"tag\">Deutsch<\/a>","rttpg_excerpt":"Impressum Verantwortlich f\u00fcr den InhaltUkrainische Volksbotschaft:Stepan Boichuk1100 Wien, Antonsplaty 9\/1\u00d6sterreich KontaktTelefon: +43 676 615 25 47E-Mail: office@ukrainische-volksbotschaft.orgWeb: ukrainische-volksbotschaft.org Rechtsform und RegistrierungRechtsform: Gemeinn\u00fctziger VereinZVR-Nummer: 1601366422Gerichtsstand: Wien Vertretungsberechtigte Personen Stepan Boichuk Andreas Pohlodek Grundlegende Richtung der Website (Blattlinie)Diese Website dient der Information \u00fcber die Aktivit\u00e4ten und Projekte der Ukrainischen Volksbotschaft sowie der Unterst\u00fctzung der ukrainischen Diaspora in&hellip;","_links":{"self":[{"href":"https:\/\/www.ukrainische-volksbotschaft.org\/index.php\/wp-json\/wp\/v2\/pages\/1347","targetHints":{"allow":["GET"]}}],"collection":[{"href":"https:\/\/www.ukrainische-volksbotschaft.org\/index.php\/wp-json\/wp\/v2\/pages"}],"about":[{"href":"https:\/\/www.ukrainische-volksbotschaft.org\/index.php\/wp-json\/wp\/v2\/types\/page"}],"author":[{"embeddable":true,"href":"https:\/\/www.ukrainische-volksbotschaft.org\/index.php\/wp-json\/wp\/v2\/users\/2"}],"replies":[{"embeddable":true,"href":"https:\/\/www.ukrainische-volksbotschaft.org\/index.php\/wp-json\/wp\/v2\/comments?post=1347"}],"version-history":[{"count":21,"href":"https:\/\/www.ukrainische-volksbotschaft.org\/index.php\/wp-json\/wp\/v2\/pages\/1347\/revisions"}],"predecessor-version":[{"id":2342,"href":"https:\/\/www.ukrainische-volksbotschaft.org\/index.php\/wp-json\/wp\/v2\/pages\/1347\/revisions\/2342"}],"wp:attachment":[{"href":"https:\/\/www.ukrainische-volksbotschaft.org\/index.php\/wp-json\/wp\/v2\/media?parent=1347"}],"curies":[{"name":"wp","href":"https:\/\/api.w.org\/{rel}","templated":true}]}}