{"id":621,"date":"2024-12-29T23:04:22","date_gmt":"2024-12-29T22:04:22","guid":{"rendered":"https:\/\/www.ukrainische-volksbotschaft.org\/about\/"},"modified":"2026-01-24T15:07:59","modified_gmt":"2026-01-24T14:07:59","slug":"uberuns","status":"publish","type":"page","link":"https:\/\/www.ukrainische-volksbotschaft.org\/index.php\/uberuns\/","title":{"rendered":"\u00dcber uns"},"content":{"rendered":"\t\t<div data-elementor-type=\"wp-post\" data-elementor-id=\"621\" class=\"elementor elementor-621\">\n\t\t\t\t<div class=\"elementor-element elementor-element-05d420e e-con-full e-flex e-con e-parent\" data-id=\"05d420e\" data-element_type=\"container\" data-e-type=\"container\" data-settings=\"{&quot;background_background&quot;:&quot;classic&quot;}\">\n\t\t\t\t<div class=\"elementor-element elementor-element-1fc888c elementor-widget elementor-widget-heading\" data-id=\"1fc888c\" data-element_type=\"widget\" data-e-type=\"widget\" data-widget_type=\"heading.default\">\n\t\t\t\t<div class=\"elementor-widget-container\">\n\t\t\t\t\t<h1 class=\"elementor-heading-title elementor-size-default\">\u00dcber uns<\/h1>\t\t\t\t<\/div>\n\t\t\t\t<\/div>\n\t\t\t\t<\/div>\n\t\t<div class=\"elementor-element elementor-element-0fbe16a e-flex e-con-boxed e-con e-parent\" data-id=\"0fbe16a\" data-element_type=\"container\" data-e-type=\"container\" data-settings=\"{&quot;background_background&quot;:&quot;classic&quot;}\">\n\t\t\t\t\t<div class=\"e-con-inner\">\n\t\t<div class=\"elementor-element elementor-element-90e5717 e-con-full e-flex e-con e-child\" data-id=\"90e5717\" data-element_type=\"container\" data-e-type=\"container\">\n\t\t\t\t<div class=\"elementor-element elementor-element-67cda52 elementor-widget elementor-widget-heading\" data-id=\"67cda52\" data-element_type=\"widget\" data-e-type=\"widget\" data-widget_type=\"heading.default\">\n\t\t\t\t<div class=\"elementor-widget-container\">\n\t\t\t\t\t<h2 class=\"elementor-heading-title elementor-size-default\">Mission und Ziele<\/h2>\t\t\t\t<\/div>\n\t\t\t\t<\/div>\n\t\t\t\t<div class=\"elementor-element elementor-element-d114ffa elementor-widget-divider--view-line elementor-widget elementor-widget-divider\" data-id=\"d114ffa\" data-element_type=\"widget\" data-e-type=\"widget\" data-widget_type=\"divider.default\">\n\t\t\t\t<div class=\"elementor-widget-container\">\n\t\t\t\t\t\t\t<div class=\"elementor-divider\">\n\t\t\t<span class=\"elementor-divider-separator\">\n\t\t\t\t\t\t<\/span>\n\t\t<\/div>\n\t\t\t\t\t\t<\/div>\n\t\t\t\t<\/div>\n\t\t\t\t<\/div>\n\t\t\t\t\t<\/div>\n\t\t\t\t<\/div>\n\t\t<div class=\"elementor-element elementor-element-6ecc739 e-flex e-con-boxed e-con e-parent\" data-id=\"6ecc739\" data-element_type=\"container\" data-e-type=\"container\" data-settings=\"{&quot;background_background&quot;:&quot;classic&quot;}\">\n\t\t\t\t\t<div class=\"e-con-inner\">\n\t\t<div class=\"elementor-element elementor-element-6a45064 e-flex e-con-boxed e-con e-child\" data-id=\"6a45064\" data-element_type=\"container\" data-e-type=\"container\">\n\t\t\t\t\t<div class=\"e-con-inner\">\n\t\t\t\t<div class=\"elementor-element elementor-element-4d5c3e9 elementor-widget__width-inherit elementor-widget elementor-widget-image\" data-id=\"4d5c3e9\" data-element_type=\"widget\" data-e-type=\"widget\" data-widget_type=\"image.default\">\n\t\t\t\t<div class=\"elementor-widget-container\">\n\t\t\t\t\t\t\t\t\t\t\t\t\t\t\t<img fetchpriority=\"high\" decoding=\"async\" width=\"962\" height=\"1024\" src=\"https:\/\/www.ukrainische-volksbotschaft.org\/wp-content\/uploads\/2025\/01\/handshake-1-962x1024.png\" class=\"attachment-large size-large wp-image-1666\" alt=\"\" srcset=\"https:\/\/www.ukrainische-volksbotschaft.org\/wp-content\/uploads\/2025\/01\/handshake-1-962x1024.png 962w, https:\/\/www.ukrainische-volksbotschaft.org\/wp-content\/uploads\/2025\/01\/handshake-1-282x300.png 282w, https:\/\/www.ukrainische-volksbotschaft.org\/wp-content\/uploads\/2025\/01\/handshake-1-768x818.png 768w, https:\/\/www.ukrainische-volksbotschaft.org\/wp-content\/uploads\/2025\/01\/handshake-1-1443x1536.png 1443w, https:\/\/www.ukrainische-volksbotschaft.org\/wp-content\/uploads\/2025\/01\/handshake-1-1924x2048.png 1924w, https:\/\/www.ukrainische-volksbotschaft.org\/wp-content\/uploads\/2025\/01\/handshake-1.png 2015w\" sizes=\"(max-width: 962px) 100vw, 962px\" \/>\t\t\t\t\t\t\t\t\t\t\t\t\t\t\t<\/div>\n\t\t\t\t<\/div>\n\t\t\t\t\t<\/div>\n\t\t\t\t<\/div>\n\t\t<div class=\"elementor-element elementor-element-2f58c81 e-flex e-con-boxed e-con e-child\" data-id=\"2f58c81\" data-element_type=\"container\" data-e-type=\"container\">\n\t\t\t\t\t<div class=\"e-con-inner\">\n\t\t\t\t<div class=\"elementor-element elementor-element-5593166 elementor-widget elementor-widget-text-editor\" data-id=\"5593166\" data-element_type=\"widget\" data-e-type=\"widget\" data-widget_type=\"text-editor.default\">\n\t\t\t\t<div class=\"elementor-widget-container\">\n\t\t\t\t\t\t\t\t\t<p>Die \u201eUkrainische Volksbotschaft\u201c in \u00d6sterreich ist eine gemeinn\u00fctzige Organisation, die die Interessen der Ukrainerinnen und Ukrainer im Ausland vertritt. Wir m\u00f6chten eine Plattform schaffen, die Ukrainerinnen und Ukrainer weltweit vereint, ihre kulturelle Identit\u00e4t bewahrt, ihre Rechte und Freiheiten sch\u00fctzt und die freundschaftlichen internationalen Beziehungen f\u00f6rdert.<\/p>\n<h4>Unsere Hauptziele:<\/h4>\n<ol>\n<li><strong>Vertretung der Interessen der Ukrainer im Ausland.<\/strong> Wir st\u00e4rken die wirtschaftlichen, kulturellen, sozialen und politischen Beziehungen zwischen der Ukraine und anderen L\u00e4ndern.<\/li>\n<li><strong>Bewahrung der nationalen Identit\u00e4t.<\/strong> Wir organisieren kulturellen Austausch, Bildungsprogramme und unterst\u00fctzen die Diaspora bei der Pflege ihrer Sprache und Traditionen.<\/li>\n<li><strong>Schutz der Rechte und Freiheiten der B\u00fcrger.<\/strong> Wir bieten rechtliche Hilfe, Beratung und Unterst\u00fctzung f\u00fcr Ukrainerinnen und Ukrainer, die im Ausland leben.<\/li>\n<li><strong>F\u00f6rderung der Integration.<\/strong> Wir helfen bei der Anpassung an neue Lebensumst\u00e4nde, indem wir aktuelle Informationen und Ratschl\u00e4ge bereitstellen.<\/li>\n<li><strong>St\u00e4rkung der Beziehungen zur Ukraine.<\/strong> Wir f\u00f6rdern den Dialog zwischen der Diaspora und der Ukraine durch die Entwicklung bilateraler Projekte.<\/li>\n<li><strong>Verbreitung von Informationen \u00fcber die Ukraine.<\/strong> Wir gestalten ein positives Image des Landes durch kulturelle Initiativen, Bildungsprogramme und Medienkampagnen.<\/li>\n<\/ol>\t\t\t\t\t\t\t\t<\/div>\n\t\t\t\t<\/div>\n\t\t\t\t\t<\/div>\n\t\t\t\t<\/div>\n\t\t\t\t\t<\/div>\n\t\t\t\t<\/div>\n\t\t<div class=\"elementor-element elementor-element-2fba45f e-flex e-con-boxed e-con e-parent\" data-id=\"2fba45f\" data-element_type=\"container\" data-e-type=\"container\">\n\t\t\t\t\t<div class=\"e-con-inner\">\n\t\t\t\t<div class=\"elementor-element elementor-element-5c3421b elementor-widget elementor-widget-heading\" data-id=\"5c3421b\" data-element_type=\"widget\" data-e-type=\"widget\" data-widget_type=\"heading.default\">\n\t\t\t\t<div class=\"elementor-widget-container\">\n\t\t\t\t\t<h2 class=\"elementor-heading-title elementor-size-default\">Geschichte und Entstehung<\/h2>\t\t\t\t<\/div>\n\t\t\t\t<\/div>\n\t\t\t\t<div class=\"elementor-element elementor-element-8929803 elementor-widget-divider--view-line elementor-widget elementor-widget-divider\" data-id=\"8929803\" data-element_type=\"widget\" data-e-type=\"widget\" data-widget_type=\"divider.default\">\n\t\t\t\t<div class=\"elementor-widget-container\">\n\t\t\t\t\t\t\t<div class=\"elementor-divider\">\n\t\t\t<span class=\"elementor-divider-separator\">\n\t\t\t\t\t\t<\/span>\n\t\t<\/div>\n\t\t\t\t\t\t<\/div>\n\t\t\t\t<\/div>\n\t\t\t\t<div class=\"elementor-element elementor-element-84d684a elementor-widget elementor-widget-text-editor\" data-id=\"84d684a\" data-element_type=\"widget\" data-e-type=\"widget\" data-widget_type=\"text-editor.default\">\n\t\t\t\t<div class=\"elementor-widget-container\">\n\t\t\t\t\t\t\t\t\t<p>Die \u201eUkrainische Volksbotschaft\u201c wurde in Wien als zivilgesellschaftliche, gemeinn\u00fctzige Initiative gegr\u00fcndet. Unser Ziel ist es, Ukrainerinnen und Ukrainer in \u00d6sterreich und dar\u00fcber hinaus zu unterst\u00fctzen \u2013 mit Orientierung, konkreter Hilfe und einer verl\u00e4sslichen Plattform f\u00fcr Austausch und Zusammenarbeit.<\/p><p>Gegr\u00fcndet wurde die Initiative von Stepan Boichuk und Andreas Pohlodek. Von Beginn an stand die Idee im Mittelpunkt, Menschen zu verbinden, die Verantwortung \u00fcbernehmen: f\u00fcr kulturelle Identit\u00e4t, gesellschaftliche Teilhabe, Integration im Alltag sowie den Aufbau von Br\u00fccken zwischen der Ukraine und den L\u00e4ndern, in denen Ukrainerinnen und Ukrainer leben.<\/p><p>Von Wien aus entwickeln wir schrittweise ein Netzwerk von Ansprechpartner:innen und Projekten, das lokale Communities st\u00e4rkt und neue Partnerschaften erm\u00f6glicht. Wir arbeiten \u00fcberparteilich, dialogorientiert und transparent \u2013 im Sinne unserer gemeinn\u00fctzigen Ziele.<\/p>\t\t\t\t\t\t\t\t<\/div>\n\t\t\t\t<\/div>\n\t\t\t\t\t<\/div>\n\t\t\t\t<\/div>\n\t\t<div class=\"elementor-element elementor-element-5dc4b78 e-flex e-con-boxed e-con e-parent\" data-id=\"5dc4b78\" data-element_type=\"container\" data-e-type=\"container\">\n\t\t\t\t\t<div class=\"e-con-inner\">\n\t\t\t\t<div class=\"elementor-element elementor-element-cb56b17 elementor-widget elementor-widget-heading\" data-id=\"cb56b17\" data-element_type=\"widget\" data-e-type=\"widget\" data-widget_type=\"heading.default\">\n\t\t\t\t<div class=\"elementor-widget-container\">\n\t\t\t\t\t<h2 class=\"elementor-heading-title elementor-size-default\">Unser Team\n<\/h2>\t\t\t\t<\/div>\n\t\t\t\t<\/div>\n\t\t\t\t<div class=\"elementor-element elementor-element-5d0a739 elementor-widget-divider--view-line elementor-widget elementor-widget-divider\" data-id=\"5d0a739\" data-element_type=\"widget\" data-e-type=\"widget\" data-widget_type=\"divider.default\">\n\t\t\t\t<div class=\"elementor-widget-container\">\n\t\t\t\t\t\t\t<div class=\"elementor-divider\">\n\t\t\t<span class=\"elementor-divider-separator\">\n\t\t\t\t\t\t<\/span>\n\t\t<\/div>\n\t\t\t\t\t\t<\/div>\n\t\t\t\t<\/div>\n\t\t\t\t<div class=\"elementor-element elementor-element-8b6a703 elementor-widget elementor-widget-text-editor\" data-id=\"8b6a703\" data-element_type=\"widget\" data-e-type=\"widget\" data-widget_type=\"text-editor.default\">\n\t\t\t\t<div class=\"elementor-widget-container\">\n\t\t\t\t\t\t\t\t\t<p data-start=\"1204\" data-end=\"1471\">Hinter der Ukrainischen Volksbotschaft steht ein Team, das Verantwortung \u00fcbernimmt und Projekte praktisch umsetzt. Wir verbinden die ukrainische Perspektive und die \u00f6sterreichische Seite, damit Unterst\u00fctzung vor Ort funktioniert und Zusammenarbeit langfristig w\u00e4chst.<\/p>\t\t\t\t\t\t\t\t<\/div>\n\t\t\t\t<\/div>\n\t\t\t\t\t<\/div>\n\t\t\t\t<\/div>\n\t\t<div class=\"elementor-element elementor-element-7df3ae8 e-flex e-con-boxed e-con e-parent\" data-id=\"7df3ae8\" data-element_type=\"container\" data-e-type=\"container\">\n\t\t\t\t\t<div class=\"e-con-inner\">\n\t\t<div class=\"elementor-element elementor-element-9e9220d e-con-full e-flex e-con e-child\" data-id=\"9e9220d\" data-element_type=\"container\" data-e-type=\"container\">\n\t\t\t\t<div class=\"elementor-element elementor-element-5ff5052 elementor-widget elementor-widget-image\" data-id=\"5ff5052\" data-element_type=\"widget\" data-e-type=\"widget\" data-widget_type=\"image.default\">\n\t\t\t\t<div class=\"elementor-widget-container\">\n\t\t\t\t\t\t\t\t\t\t\t\t\t\t\t<img decoding=\"async\" width=\"219\" height=\"300\" src=\"https:\/\/www.ukrainische-volksbotschaft.org\/wp-content\/uploads\/2025\/10\/UNP_Botschafter___-e1769264395879-219x300.jpg\" class=\"attachment-medium size-medium wp-image-2265\" alt=\"\" srcset=\"https:\/\/www.ukrainische-volksbotschaft.org\/wp-content\/uploads\/2025\/10\/UNP_Botschafter___-e1769264395879-219x300.jpg 219w, https:\/\/www.ukrainische-volksbotschaft.org\/wp-content\/uploads\/2025\/10\/UNP_Botschafter___-e1769264395879.jpg 740w\" sizes=\"(max-width: 219px) 100vw, 219px\" \/>\t\t\t\t\t\t\t\t\t\t\t\t\t\t\t<\/div>\n\t\t\t\t<\/div>\n\t\t\t\t<\/div>\n\t\t<div class=\"elementor-element elementor-element-b3c404a e-con-full e-flex e-con e-child\" data-id=\"b3c404a\" data-element_type=\"container\" data-e-type=\"container\">\n\t\t\t\t<div class=\"elementor-element elementor-element-b0f1c2f elementor-widget elementor-widget-text-editor\" data-id=\"b0f1c2f\" data-element_type=\"widget\" data-e-type=\"widget\" data-widget_type=\"text-editor.default\">\n\t\t\t\t<div class=\"elementor-widget-container\">\n\t\t\t\t\t\t\t\t\t<p><strong data-start=\"1473\" data-end=\"1542\">Stepan Boichuk \u2013 Volksbotschafter, Mitgr\u00fcnder (ukrainische Seite)<\/strong><br data-start=\"1542\" data-end=\"1545\" \/>Ansprechpartner f\u00fcr die ukrainische Community, inhaltliche Ausrichtung der Initiative, Koordination zentraler Projekte sowie Aufbau von Partnerschaften mit Bezug zur Ukraine.<\/p>\t\t\t\t\t\t\t\t<\/div>\n\t\t\t\t<\/div>\n\t\t\t\t<\/div>\n\t\t\t\t\t<\/div>\n\t\t\t\t<\/div>\n\t\t<div class=\"elementor-element elementor-element-22428a6 e-flex e-con-boxed e-con e-parent\" data-id=\"22428a6\" data-element_type=\"container\" data-e-type=\"container\">\n\t\t\t\t\t<div class=\"e-con-inner\">\n\t\t<div class=\"elementor-element elementor-element-b744b66 e-con-full e-flex e-con e-child\" data-id=\"b744b66\" data-element_type=\"container\" data-e-type=\"container\">\n\t\t\t\t<div class=\"elementor-element elementor-element-6024f5e elementor-widget elementor-widget-image\" data-id=\"6024f5e\" data-element_type=\"widget\" data-e-type=\"widget\" data-widget_type=\"image.default\">\n\t\t\t\t<div class=\"elementor-widget-container\">\n\t\t\t\t\t\t\t\t\t\t\t\t\t\t\t<img decoding=\"async\" width=\"219\" height=\"300\" src=\"https:\/\/www.ukrainische-volksbotschaft.org\/wp-content\/uploads\/2025\/11\/UNP_Polohdek-219x300.jpg\" class=\"attachment-medium size-medium wp-image-2307\" alt=\"\u0423\u043a\u0440\u0430\u0457\u043d\u0441\u044c\u043a\u0435 \u041d\u0430\u0440\u043e\u0434\u043d\u0435 \u041f\u043e\u0441\u043e\u043b\u044c\u0441\u0442\u0432\u043e \u0443 \u0412\u0456\u0434\u043d\u0456, \u0410\u0432\u0441\u0442\u0440\u0456\u044f\" srcset=\"https:\/\/www.ukrainische-volksbotschaft.org\/wp-content\/uploads\/2025\/11\/UNP_Polohdek-219x300.jpg 219w, https:\/\/www.ukrainische-volksbotschaft.org\/wp-content\/uploads\/2025\/11\/UNP_Polohdek-747x1024.jpg 747w, https:\/\/www.ukrainische-volksbotschaft.org\/wp-content\/uploads\/2025\/11\/UNP_Polohdek-768x1052.jpg 768w, https:\/\/www.ukrainische-volksbotschaft.org\/wp-content\/uploads\/2025\/11\/UNP_Polohdek.jpg 864w\" sizes=\"(max-width: 219px) 100vw, 219px\" \/>\t\t\t\t\t\t\t\t\t\t\t\t\t\t\t<\/div>\n\t\t\t\t<\/div>\n\t\t\t\t<\/div>\n\t\t<div class=\"elementor-element elementor-element-89e8e8b e-con-full e-flex e-con e-child\" data-id=\"89e8e8b\" data-element_type=\"container\" data-e-type=\"container\">\n\t\t\t\t<div class=\"elementor-element elementor-element-2114939 elementor-widget elementor-widget-text-editor\" data-id=\"2114939\" data-element_type=\"widget\" data-e-type=\"widget\" data-widget_type=\"text-editor.default\">\n\t\t\t\t<div class=\"elementor-widget-container\">\n\t\t\t\t\t\t\t\t\t<p><strong data-start=\"1721\" data-end=\"1797\">Andreas Pohlodek \u2013 Vertreter in Wien, Mitgr\u00fcnder (\u00f6sterreichische Seite)<\/strong><br data-start=\"1797\" data-end=\"1800\" \/>Ansprechpartner in \u00d6sterreich, Br\u00fccken zu lokalen Institutionen und Partnerorganisationen, Koordination vor Ort sowie Unterst\u00fctzung bei Organisation und Kommunikation.<\/p>\t\t\t\t\t\t\t\t<\/div>\n\t\t\t\t<\/div>\n\t\t\t\t<\/div>\n\t\t\t\t\t<\/div>\n\t\t\t\t<\/div>\n\t\t<div class=\"elementor-element elementor-element-09ab86f e-flex e-con-boxed e-con e-parent\" data-id=\"09ab86f\" data-element_type=\"container\" data-e-type=\"container\">\n\t\t\t\t\t<div class=\"e-con-inner\">\n\t\t\t\t<div class=\"elementor-element elementor-element-e52b21f elementor-widget elementor-widget-text-editor\" data-id=\"e52b21f\" data-element_type=\"widget\" data-e-type=\"widget\" data-widget_type=\"text-editor.default\">\n\t\t\t\t<div class=\"elementor-widget-container\">\n\t\t\t\t\t\t\t\t\t<p data-start=\"1969\" data-end=\"2076\">Gemeinsam vertreten wir die Initiative in \u00d6sterreich und f\u00f6rdern die Zusammenarbeit mit Partnern in der EU.<\/p>\t\t\t\t\t\t\t\t<\/div>\n\t\t\t\t<\/div>\n\t\t\t\t\t<\/div>\n\t\t\t\t<\/div>\n\t\t\t\t<\/div>\n\t\t","protected":false},"excerpt":{"rendered":"<p>\u00dcber uns Mission und Ziele Die \u201eUkrainische Volksbotschaft\u201c in \u00d6sterreich ist eine gemeinn\u00fctzige Organisation, die die Interessen der Ukrainerinnen und Ukrainer im Ausland vertritt. Wir m\u00f6chten eine Plattform schaffen, die Ukrainerinnen und Ukrainer weltweit vereint, ihre kulturelle Identit\u00e4t bewahrt, ihre Rechte und Freiheiten sch\u00fctzt und die freundschaftlichen internationalen Beziehungen f\u00f6rdert. Unsere Hauptziele: Vertretung der Interessen [&hellip;]<\/p>\n","protected":false},"author":2,"featured_media":0,"parent":0,"menu_order":0,"comment_status":"closed","ping_status":"closed","template":"","meta":{"site-sidebar-layout":"no-sidebar","site-content-layout":"page-builder","ast-site-content-layout":"default","site-content-style":"default","site-sidebar-style":"default","ast-global-header-display":"","ast-banner-title-visibility":"","ast-main-header-display":"","ast-hfb-above-header-display":"","ast-hfb-below-header-display":"","ast-hfb-mobile-header-display":"","site-post-title":"disabled","ast-breadcrumbs-content":"","ast-featured-img":"disabled","footer-sml-layout":"","ast-disable-related-posts":"","theme-transparent-header-meta":"default","adv-header-id-meta":"","stick-header-meta":"","header-above-stick-meta":"","header-main-stick-meta":"","header-below-stick-meta":"","astra-migrate-meta-layouts":"default","ast-page-background-enabled":"default","ast-page-background-meta":{"desktop":{"background-color":"","background-image":"","background-repeat":"repeat","background-position":"center center","background-size":"auto","background-attachment":"scroll","background-type":"","background-media":"","overlay-type":"","overlay-color":"","overlay-opacity":"","overlay-gradient":""},"tablet":{"background-color":"","background-image":"","background-repeat":"repeat","background-position":"center center","background-size":"auto","background-attachment":"scroll","background-type":"","background-media":"","overlay-type":"","overlay-color":"","overlay-opacity":"","overlay-gradient":""},"mobile":{"background-color":"","background-image":"","background-repeat":"repeat","background-position":"center center","background-size":"auto","background-attachment":"scroll","background-type":"","background-media":"","overlay-type":"","overlay-color":"","overlay-opacity":"","overlay-gradient":""}},"ast-content-background-meta":{"desktop":{"background-color":"var(--ast-global-color-5)","background-image":"","background-repeat":"repeat","background-position":"center center","background-size":"auto","background-attachment":"scroll","background-type":"","background-media":"","overlay-type":"","overlay-color":"","overlay-opacity":"","overlay-gradient":""},"tablet":{"background-color":"var(--ast-global-color-5)","background-image":"","background-repeat":"repeat","background-position":"center center","background-size":"auto","background-attachment":"scroll","background-type":"","background-media":"","overlay-type":"","overlay-color":"","overlay-opacity":"","overlay-gradient":""},"mobile":{"background-color":"var(--ast-global-color-5)","background-image":"","background-repeat":"repeat","background-position":"center center","background-size":"auto","background-attachment":"scroll","background-type":"","background-media":"","overlay-type":"","overlay-color":"","overlay-opacity":"","overlay-gradient":""}},"footnotes":""},"class_list":["post-621","page","type-page","status-publish","hentry"],"rttpg_featured_image_url":null,"rttpg_author":{"display_name":"\u0412\u0438\u0442\u0430\u043b\u0438\u0439","author_link":"https:\/\/www.ukrainische-volksbotschaft.org\/index.php\/author\/vitaliy\/"},"rttpg_comment":0,"rttpg_category":" <a href=\"https:\/\/www.ukrainische-volksbotschaft.org\/\" rel=\"tag\">Deutsch<\/a>","rttpg_excerpt":"\u00dcber uns Mission und Ziele Die \u201eUkrainische Volksbotschaft\u201c in \u00d6sterreich ist eine gemeinn\u00fctzige Organisation, die die Interessen der Ukrainerinnen und Ukrainer im Ausland vertritt. Wir m\u00f6chten eine Plattform schaffen, die Ukrainerinnen und Ukrainer weltweit vereint, ihre kulturelle Identit\u00e4t bewahrt, ihre Rechte und Freiheiten sch\u00fctzt und die freundschaftlichen internationalen Beziehungen f\u00f6rdert. Unsere Hauptziele: Vertretung der Interessen&hellip;","_links":{"self":[{"href":"https:\/\/www.ukrainische-volksbotschaft.org\/index.php\/wp-json\/wp\/v2\/pages\/621","targetHints":{"allow":["GET"]}}],"collection":[{"href":"https:\/\/www.ukrainische-volksbotschaft.org\/index.php\/wp-json\/wp\/v2\/pages"}],"about":[{"href":"https:\/\/www.ukrainische-volksbotschaft.org\/index.php\/wp-json\/wp\/v2\/types\/page"}],"author":[{"embeddable":true,"href":"https:\/\/www.ukrainische-volksbotschaft.org\/index.php\/wp-json\/wp\/v2\/users\/2"}],"replies":[{"embeddable":true,"href":"https:\/\/www.ukrainische-volksbotschaft.org\/index.php\/wp-json\/wp\/v2\/comments?post=621"}],"version-history":[{"count":163,"href":"https:\/\/www.ukrainische-volksbotschaft.org\/index.php\/wp-json\/wp\/v2\/pages\/621\/revisions"}],"predecessor-version":[{"id":2359,"href":"https:\/\/www.ukrainische-volksbotschaft.org\/index.php\/wp-json\/wp\/v2\/pages\/621\/revisions\/2359"}],"wp:attachment":[{"href":"https:\/\/www.ukrainische-volksbotschaft.org\/index.php\/wp-json\/wp\/v2\/media?parent=621"}],"curies":[{"name":"wp","href":"https:\/\/api.w.org\/{rel}","templated":true}]}}